{"id":21073,"date":"2024-11-19T18:54:48","date_gmt":"2024-11-19T18:54:48","guid":{"rendered":"https:\/\/radiocresatelital.com\/?page_id=21073"},"modified":"2024-11-19T19:20:37","modified_gmt":"2024-11-19T19:20:37","slug":"mision-2","status":"publish","type":"page","link":"https:\/\/radiocresatelital.com\/?page_id=21073","title":{"rendered":"Misi\u00f3n"},"content":{"rendered":"<p><strong>Misi\u00f3n<\/strong><\/p>\n<p>Nuesta misi\u00f3n es informar, educar, transmitir, entretener, formar, opinar, ense\u00f1ar con objetividad, transmitir la noticia verificada, con total transparencia y honestidad.<\/p>\n","protected":false},"excerpt":{"rendered":"<p>Misi\u00f3n Nuesta misi\u00f3n es informar, educar, transmitir, entretener, formar, opinar, ense\u00f1ar con objetividad, transmitir la noticia verificada, con total transparencia y honestidad.<\/p>\n","protected":false},"author":1,"featured_media":0,"parent":0,"menu_order":0,"comment_status":"closed","ping_status":"closed","template":"","meta":{"footnotes":""},"class_list":["post-21073","page","type-page","status-publish","hentry"],"jetpack_sharing_enabled":true,"_links":{"self":[{"href":"https:\/\/radiocresatelital.com\/index.php?rest_route=\/wp\/v2\/pages\/21073","targetHints":{"allow":["GET"]}}],"collection":[{"href":"https:\/\/radiocresatelital.com\/index.php?rest_route=\/wp\/v2\/pages"}],"about":[{"href":"https:\/\/radiocresatelital.com\/index.php?rest_route=\/wp\/v2\/types\/page"}],"author":[{"embeddable":true,"href":"https:\/\/radiocresatelital.com\/index.php?rest_route=\/wp\/v2\/users\/1"}],"replies":[{"embeddable":true,"href":"https:\/\/radiocresatelital.com\/index.php?rest_route=%2Fwp%2Fv2%2Fcomments&post=21073"}],"version-history":[{"count":3,"href":"https:\/\/radiocresatelital.com\/index.php?rest_route=\/wp\/v2\/pages\/21073\/revisions"}],"predecessor-version":[{"id":21082,"href":"https:\/\/radiocresatelital.com\/index.php?rest_route=\/wp\/v2\/pages\/21073\/revisions\/21082"}],"wp:attachment":[{"href":"https:\/\/radiocresatelital.com\/index.php?rest_route=%2Fwp%2Fv2%2Fmedia&parent=21073"}],"curies":[{"name":"wp","href":"https:\/\/api.w.org\/{rel}","templated":true}]}}